{"id":3641,"date":"2024-06-21T10:25:51","date_gmt":"2024-06-21T16:25:51","guid":{"rendered":"https:\/\/new.tribunaldigitaltlaxcala.gob.mx\/?page_id=3641"},"modified":"2024-06-24T08:56:45","modified_gmt":"2024-06-24T14:56:45","slug":"servicios-digitales","status":"publish","type":"page","link":"https:\/\/new.tribunaldigitaltlaxcala.gob.mx\/?page_id=3641","title":{"rendered":"Servicios digitales"},"content":{"rendered":"\t\t<div data-elementor-type=\"wp-page\" data-elementor-id=\"3641\" class=\"elementor elementor-3641\">\n\t\t\t\t<div class=\"elementor-element elementor-element-1730836 e-flex e-con-boxed e-con e-parent\" data-id=\"1730836\" data-element_type=\"container\" data-e-type=\"container\">\n\t\t\t\t\t<div class=\"e-con-inner\">\n\t\t\t\t<div class=\"elementor-element elementor-element-4f791ad titulo-presidencia elementor-widget elementor-widget-text-editor\" data-id=\"4f791ad\" data-element_type=\"widget\" data-e-type=\"widget\" data-widget_type=\"text-editor.default\">\n\t\t\t\t<div class=\"elementor-widget-container\">\n\t\t\t\t\t\t\t\t\t<p>Servicios digitales<\/p>\t\t\t\t\t\t\t\t<\/div>\n\t\t\t\t<\/div>\n\t\t\t\t<div class=\"elementor-element elementor-element-264d93f elementor-widget elementor-widget-image\" data-id=\"264d93f\" data-element_type=\"widget\" data-e-type=\"widget\" data-widget_type=\"image.default\">\n\t\t\t\t<div class=\"elementor-widget-container\">\n\t\t\t\t\t\t\t\t\t\t\t\t\t\t\t<img fetchpriority=\"high\" decoding=\"async\" width=\"940\" height=\"265\" src=\"https:\/\/new.tribunaldigitaltlaxcala.gob.mx\/wp-content\/uploads\/2024\/06\/digital.webp\" class=\"attachment-large size-large wp-image-3643\" alt=\"\" srcset=\"https:\/\/new.tribunaldigitaltlaxcala.gob.mx\/wp-content\/uploads\/2024\/06\/digital.webp 940w, https:\/\/new.tribunaldigitaltlaxcala.gob.mx\/wp-content\/uploads\/2024\/06\/digital-300x85.webp 300w, https:\/\/new.tribunaldigitaltlaxcala.gob.mx\/wp-content\/uploads\/2024\/06\/digital-768x217.webp 768w\" sizes=\"(max-width: 940px) 100vw, 940px\" \/>\t\t\t\t\t\t\t\t\t\t\t\t\t\t\t<\/div>\n\t\t\t\t<\/div>\n\t\t\t\t\t<\/div>\n\t\t\t\t<\/div>\n\t\t<div class=\"elementor-element elementor-element-a0a8dd6 e-flex e-con-boxed e-con e-parent\" data-id=\"a0a8dd6\" data-element_type=\"container\" data-e-type=\"container\">\n\t\t\t\t\t<div class=\"e-con-inner\">\n\t\t<div class=\"elementor-element elementor-element-ad4a4fd e-con-full e-flex e-con e-child\" data-id=\"ad4a4fd\" data-element_type=\"container\" data-e-type=\"container\">\n\t\t\t\t<div class=\"elementor-element elementor-element-a742b3c elementor-widget elementor-widget-text-editor\" data-id=\"a742b3c\" data-element_type=\"widget\" data-e-type=\"widget\" data-widget_type=\"text-editor.default\">\n\t\t\t\t<div class=\"elementor-widget-container\">\n\t\t\t\t\t\t\t\t\t<div class=\"subtitulo\">&gt;P\u00fablico<\/div>\n<ul class=\"text-presidencia\">\n \t<li><a>Licitaciones<\/a><\/li>\n \t<li><a>Registro de proveedores<\/a><\/li>\n \t<li><a>Acuerdos<\/a><\/li>\n \t<li><a>Calendario<\/a><\/li>\n<\/ul>\t\t\t\t\t\t\t\t<\/div>\n\t\t\t\t<\/div>\n\t\t\t\t<\/div>\n\t\t<div class=\"elementor-element elementor-element-127a250 e-con-full e-flex e-con e-child\" data-id=\"127a250\" data-element_type=\"container\" data-e-type=\"container\">\n\t\t\t\t<div class=\"elementor-element elementor-element-f1ea87a elementor-widget elementor-widget-text-editor\" data-id=\"f1ea87a\" data-element_type=\"widget\" data-e-type=\"widget\" data-widget_type=\"text-editor.default\">\n\t\t\t\t<div class=\"elementor-widget-container\">\n\t\t\t\t\t\t\t\t\t<div class=\"subtitulo\">&gt;SIISEJ<\/div>\n<ul class=\"text-presidencia\">\n \t<li><a>Bolet\u00edn<\/a><\/li>\n \t<li><a>Consulta<\/a><\/li>\n \t<li><a>e-Firma<\/a><\/li>\n \t<li><a>Notificaciones<\/a><\/li>\n \t<li><a>Registro<\/a><\/li>\n<\/ul>\t\t\t\t\t\t\t\t<\/div>\n\t\t\t\t<\/div>\n\t\t\t\t<\/div>\n\t\t<div class=\"elementor-element elementor-element-92cc173 e-con-full e-flex e-con e-child\" data-id=\"92cc173\" data-element_type=\"container\" data-e-type=\"container\">\n\t\t\t\t<div class=\"elementor-element elementor-element-029569c elementor-widget elementor-widget-text-editor\" data-id=\"029569c\" data-element_type=\"widget\" data-e-type=\"widget\" data-widget_type=\"text-editor.default\">\n\t\t\t\t<div class=\"elementor-widget-container\">\n\t\t\t\t\t\t\t\t\t<div class=\"subtitulo\">&gt;SIREL<\/div>\n<ul class=\"text-presidencia\">\n \t<li><a>Bolet\u00edn<\/a><\/li>\n \t<li><a>Consulta<\/a><\/li>\n \t<li><a>e-Firma<\/a><\/li>\n \t<li><a>Notificaciones<\/a><\/li>\n \t<li><a>Registro<\/a><\/li>\n<\/ul>\t\t\t\t\t\t\t\t<\/div>\n\t\t\t\t<\/div>\n\t\t\t\t<\/div>\n\t\t<div class=\"elementor-element elementor-element-da327e6 e-con-full e-flex e-con e-child\" data-id=\"da327e6\" data-element_type=\"container\" data-e-type=\"container\">\n\t\t\t\t<div class=\"elementor-element elementor-element-2580dc1 elementor-widget elementor-widget-text-editor\" data-id=\"2580dc1\" data-element_type=\"widget\" data-e-type=\"widget\" data-widget_type=\"text-editor.default\">\n\t\t\t\t<div class=\"elementor-widget-container\">\n\t\t\t\t\t\t\t\t\t<div class=\"subtitulo\">&gt;IEJTLAX<\/div>\n<ul class=\"text-presidencia\">\n \t<li><a>Cursos<\/a><\/li>\n \t<li><a>Conferencias<\/a><\/li>\n \t<li><a>Certificados<\/a><\/li>\n \t<li><a>Control escolar<\/a><\/li>\n \t<li><a>Carrera judicial<\/a><\/li>\n<\/ul>\t\t\t\t\t\t\t\t<\/div>\n\t\t\t\t<\/div>\n\t\t\t\t<\/div>\n\t\t<div class=\"elementor-element elementor-element-8a96e7b e-con-full e-flex e-con e-child\" data-id=\"8a96e7b\" data-element_type=\"container\" data-e-type=\"container\">\n\t\t\t\t<div class=\"elementor-element elementor-element-d9f8c04 elementor-widget elementor-widget-text-editor\" data-id=\"d9f8c04\" data-element_type=\"widget\" data-e-type=\"widget\" data-widget_type=\"text-editor.default\">\n\t\t\t\t<div class=\"elementor-widget-container\">\n\t\t\t\t\t\t\t\t\t<div class=\"subtitulo\">&gt;Prensa<\/div>\n<ul class=\"text-presidencia\">\n \t<li><a>Noticias<\/a><\/li>\n \t<li><a>Videos<\/a><\/li>\n \t<li><a>Redes<\/a><\/li>\n<\/ul>\t\t\t\t\t\t\t\t<\/div>\n\t\t\t\t<\/div>\n\t\t\t\t<\/div>\n\t\t\t\t\t<\/div>\n\t\t\t\t<\/div>\n\t\t<div class=\"elementor-element elementor-element-664dd3d e-flex e-con-boxed e-con e-parent\" data-id=\"664dd3d\" data-element_type=\"container\" data-e-type=\"container\">\n\t\t\t\t\t<div class=\"e-con-inner\">\n\t\t<div class=\"elementor-element elementor-element-919c3bb e-con-full e-flex e-con e-child\" data-id=\"919c3bb\" data-element_type=\"container\" data-e-type=\"container\">\n\t\t\t\t<div class=\"elementor-element elementor-element-33dbce0 elementor-widget elementor-widget-text-editor\" data-id=\"33dbce0\" data-element_type=\"widget\" data-e-type=\"widget\" data-widget_type=\"text-editor.default\">\n\t\t\t\t<div class=\"elementor-widget-container\">\n\t\t\t\t\t\t\t\t\t<div class=\"subtitulo\">&gt;Secretar\u00eda General<\/div>\n<ul class=\"text-presidencia\">\n \t<li><a>Exhortos<\/a><\/li>\n \t<li><a>Edictos<\/a><\/li>\n<\/ul>\n<div class=\"resalte\">&gt;Peritos Judiciales<\/div>\n<ul class=\"text-presidencia\">\n \t<li><a>Registro<\/a><\/li>\n \t<li><a>Consulta<\/a><\/li>\n<\/ul>\n<div class=\"resalte\">&gt;T\u00edtulos y cedulas<\/div>\n<ul class=\"text-presidencia\">\n \t<li><a>Registro<\/a><\/li>\n \t<li><a>Consulta<\/a><\/li>\n<\/ul>\t\t\t\t\t\t\t\t<\/div>\n\t\t\t\t<\/div>\n\t\t\t\t<\/div>\n\t\t<div class=\"elementor-element elementor-element-3b2e3c8 e-con-full e-flex e-con e-child\" data-id=\"3b2e3c8\" data-element_type=\"container\" data-e-type=\"container\">\n\t\t\t\t<\/div>\n\t\t<div class=\"elementor-element elementor-element-a76a897 e-con-full e-flex e-con e-child\" data-id=\"a76a897\" data-element_type=\"container\" data-e-type=\"container\">\n\t\t\t\t<\/div>\n\t\t<div class=\"elementor-element elementor-element-7147ed7 e-con-full e-flex e-con e-child\" data-id=\"7147ed7\" data-element_type=\"container\" data-e-type=\"container\">\n\t\t\t\t<\/div>\n\t\t<div class=\"elementor-element elementor-element-39c056c e-con-full e-flex e-con e-child\" data-id=\"39c056c\" data-element_type=\"container\" data-e-type=\"container\">\n\t\t\t\t<\/div>\n\t\t\t\t\t<\/div>\n\t\t\t\t<\/div>\n\t\t<div class=\"elementor-element elementor-element-e5c2a12 e-flex e-con-boxed e-con e-parent\" data-id=\"e5c2a12\" data-element_type=\"container\" data-e-type=\"container\">\n\t\t\t\t\t<div class=\"e-con-inner\">\n\t\t<div class=\"elementor-element elementor-element-8c787fe e-con-full e-flex e-con e-child\" data-id=\"8c787fe\" data-element_type=\"container\" data-e-type=\"container\">\n\t\t\t\t<\/div>\n\t\t\t\t\t<\/div>\n\t\t\t\t<\/div>\n\t\t\t\t<\/div>\n\t\t","protected":false},"excerpt":{"rendered":"<p>Servicios digitales &gt;P\u00fablico Licitaciones Registro de proveedores Acuerdos Calendario &gt;SIISEJ Bolet\u00edn Consulta e-Firma Notificaciones Registro &gt;SIREL Bolet\u00edn Consulta e-Firma Notificaciones Registro &gt;IEJTLAX Cursos Conferencias Certificados Control escolar Carrera judicial &gt;Prensa Noticias Videos Redes &gt;Secretar\u00eda General Exhortos Edictos &gt;Peritos Judiciales Registro Consulta &gt;T\u00edtulos y cedulas Registro Consulta<\/p>\n","protected":false},"author":1,"featured_media":0,"parent":0,"menu_order":0,"comment_status":"closed","ping_status":"closed","template":"","meta":{"footnotes":""},"class_list":["post-3641","page","type-page","status-publish","hentry"],"_links":{"self":[{"href":"https:\/\/new.tribunaldigitaltlaxcala.gob.mx\/index.php?rest_route=\/wp\/v2\/pages\/3641","targetHints":{"allow":["GET"]}}],"collection":[{"href":"https:\/\/new.tribunaldigitaltlaxcala.gob.mx\/index.php?rest_route=\/wp\/v2\/pages"}],"about":[{"href":"https:\/\/new.tribunaldigitaltlaxcala.gob.mx\/index.php?rest_route=\/wp\/v2\/types\/page"}],"author":[{"embeddable":true,"href":"https:\/\/new.tribunaldigitaltlaxcala.gob.mx\/index.php?rest_route=\/wp\/v2\/users\/1"}],"replies":[{"embeddable":true,"href":"https:\/\/new.tribunaldigitaltlaxcala.gob.mx\/index.php?rest_route=%2Fwp%2Fv2%2Fcomments&post=3641"}],"version-history":[{"count":13,"href":"https:\/\/new.tribunaldigitaltlaxcala.gob.mx\/index.php?rest_route=\/wp\/v2\/pages\/3641\/revisions"}],"predecessor-version":[{"id":3697,"href":"https:\/\/new.tribunaldigitaltlaxcala.gob.mx\/index.php?rest_route=\/wp\/v2\/pages\/3641\/revisions\/3697"}],"wp:attachment":[{"href":"https:\/\/new.tribunaldigitaltlaxcala.gob.mx\/index.php?rest_route=%2Fwp%2Fv2%2Fmedia&parent=3641"}],"curies":[{"name":"wp","href":"https:\/\/api.w.org\/{rel}","templated":true}]}}